{"id":170,"date":"2023-11-25T06:31:26","date_gmt":"2023-11-25T06:31:26","guid":{"rendered":"https:\/\/sandbergandsierra.no\/?page_id=170"},"modified":"2024-05-05T05:42:28","modified_gmt":"2024-05-05T05:42:28","slug":"cookieerklaering","status":"publish","type":"page","link":"https:\/\/sandbergandsierra.no\/index.php\/cookieerklaering\/","title":{"rendered":"Cookieerkl\u00e6ring"},"content":{"rendered":"<p>P\u00e5 denne nettsiden benytter vi cookies. Denne cookie-erkl\u00e6ringen beskriver bruken av cookies p\u00e5 Sandbergandsierra.no, samt til hvilke form\u00e5l vi benytter cookies.<\/p>\n<p><strong>Definisjoner:<\/strong><\/p>\n<ul>\n<li>Cookies: en teknologi som oss lagre og lese informasjon i din nettleser, og det kan brukes til mange ulike form\u00e5l.<\/li>\n<li>F\u00f8rsteparts-cookies er cookies som er satt av og brukes av denne nettsiden,<\/li>\n<li>Tredjeparts-cookies er cookies som settes og brukes av tredjeparter, det vil si andre nettsider\/tjenester vi benytter oss av p\u00e5 denne nettsiden. Tredjepartscookies vi bruker er standardcookies for Cerber Sequirity, Google Analytics, Klarna, Woocommerce og WordPress.<\/li>\n<\/ul>\n<p>Denne nettsiden bruker b\u00e5de f\u00f8rsteparts-cookies og tredjeparts-cookies.<\/p>\n<p>Vi bruker cookies til f\u00f8lgende form\u00e5l:<\/p>\n<p><strong>Funksjonelle cookies<\/strong><br \/>\nDette er n\u00f8dvendige cookies s\u00f8rger for at denne nettsiden fungerer som den skal.<\/p>\n<p><strong>Analyse og statistikk<\/strong><br \/>\nDette er cookies som bruker til trafikkm\u00e5linger og analyse av bruksm\u00f8nster etc.<\/p>\n","protected":false},"excerpt":{"rendered":"<p>P\u00e5 denne nettsiden benytter vi cookies. Denne cookie-erkl\u00e6ringen beskriver bruken av cookies p\u00e5 Sandbergandsierra.no, samt til hvilke form\u00e5l vi benytter cookies. Definisjoner: Cookies: en teknologi som oss lagre og lese informasjon i din nettleser, og det kan brukes til mange ulike form\u00e5l. F\u00f8rsteparts-cookies er cookies som er satt av og brukes av denne nettsiden, Tredjeparts-cookies [&hellip;]<\/p>\n","protected":false},"author":1,"featured_media":0,"parent":0,"menu_order":0,"comment_status":"closed","ping_status":"closed","template":"","meta":{"footnotes":""},"_links":{"self":[{"href":"https:\/\/sandbergandsierra.no\/index.php\/wp-json\/wp\/v2\/pages\/170"}],"collection":[{"href":"https:\/\/sandbergandsierra.no\/index.php\/wp-json\/wp\/v2\/pages"}],"about":[{"href":"https:\/\/sandbergandsierra.no\/index.php\/wp-json\/wp\/v2\/types\/page"}],"author":[{"embeddable":true,"href":"https:\/\/sandbergandsierra.no\/index.php\/wp-json\/wp\/v2\/users\/1"}],"replies":[{"embeddable":true,"href":"https:\/\/sandbergandsierra.no\/index.php\/wp-json\/wp\/v2\/comments?post=170"}],"version-history":[{"count":2,"href":"https:\/\/sandbergandsierra.no\/index.php\/wp-json\/wp\/v2\/pages\/170\/revisions"}],"predecessor-version":[{"id":245,"href":"https:\/\/sandbergandsierra.no\/index.php\/wp-json\/wp\/v2\/pages\/170\/revisions\/245"}],"wp:attachment":[{"href":"https:\/\/sandbergandsierra.no\/index.php\/wp-json\/wp\/v2\/media?parent=170"}],"curies":[{"name":"wp","href":"https:\/\/api.w.org\/{rel}","templated":true}]}}