{"id":85,"date":"2023-11-23T11:13:10","date_gmt":"2023-11-23T11:13:10","guid":{"rendered":"https:\/\/sandbergandsierra.no\/?page_id=85"},"modified":"2023-12-18T05:06:40","modified_gmt":"2023-12-18T05:06:40","slug":"om-oss","status":"publish","type":"page","link":"https:\/\/sandbergandsierra.no\/index.php\/om-oss\/","title":{"rendered":"OM OSS"},"content":{"rendered":"<div id=\"pl-85\"  class=\"panel-layout\" ><div id=\"pg-85-0\"  class=\"panel-grid panel-no-style\" ><div id=\"pgc-85-0-0\"  class=\"panel-grid-cell\" ><div id=\"panel-85-0-0-0\" class=\"so-panel widget widget_sow-image panel-first-child panel-last-child\" data-index=\"0\" ><div\n\t\t\t\n\t\t\tclass=\"so-widget-sow-image so-widget-sow-image-default-8b5b6f678277-85\"\n\t\t\t\n\t\t>\n\n<div class=\"sow-image-container\">\n\t\t<img decoding=\"async\" src=\"data:image\/gif;base64,R0lGODlhAQABAAAAACH5BAEKAAEALAAAAAABAAEAAAICTAEAOw==\" data-src=\"https:\/\/sandbergandsierra.no\/wp-content\/uploads\/2023\/11\/staffan-om-oss.jpg\" width=\"770\" height=\"770\" srcset=\"https:\/\/sandbergandsierra.no\/wp-content\/uploads\/2023\/11\/staffan-om-oss.jpg 770w, https:\/\/sandbergandsierra.no\/wp-content\/uploads\/2023\/11\/staffan-om-oss-300x300.jpg 300w, https:\/\/sandbergandsierra.no\/wp-content\/uploads\/2023\/11\/staffan-om-oss-150x150.jpg 150w, https:\/\/sandbergandsierra.no\/wp-content\/uploads\/2023\/11\/staffan-om-oss-768x768.jpg 768w, https:\/\/sandbergandsierra.no\/wp-content\/uploads\/2023\/11\/staffan-om-oss-600x600.jpg 600w, https:\/\/sandbergandsierra.no\/wp-content\/uploads\/2023\/11\/staffan-om-oss-100x100.jpg 100w\" sizes=\"(max-width: 770px) 100vw, 770px\" alt=\"\" loading=\"lazy\" \t\tclass=\"so-widget-image\"\/><noscript><img decoding=\"async\" src=\"https:\/\/sandbergandsierra.no\/wp-content\/uploads\/2023\/11\/staffan-om-oss.jpg\" width=\"770\" height=\"770\" srcset=\"https:\/\/sandbergandsierra.no\/wp-content\/uploads\/2023\/11\/staffan-om-oss.jpg 770w, https:\/\/sandbergandsierra.no\/wp-content\/uploads\/2023\/11\/staffan-om-oss-300x300.jpg 300w, https:\/\/sandbergandsierra.no\/wp-content\/uploads\/2023\/11\/staffan-om-oss-150x150.jpg 150w, https:\/\/sandbergandsierra.no\/wp-content\/uploads\/2023\/11\/staffan-om-oss-768x768.jpg 768w, https:\/\/sandbergandsierra.no\/wp-content\/uploads\/2023\/11\/staffan-om-oss-600x600.jpg 600w, https:\/\/sandbergandsierra.no\/wp-content\/uploads\/2023\/11\/staffan-om-oss-100x100.jpg 100w\" sizes=\"(max-width: 770px) 100vw, 770px\" alt=\"\" loading=\"lazy\" \t\tclass=\"so-widget-image\"\/><\/noscript>\n\t<\/div>\n\n<\/div><\/div><\/div><div id=\"pgc-85-0-1\"  class=\"panel-grid-cell\" ><div id=\"panel-85-0-1-0\" class=\"so-panel widget widget_text panel-first-child panel-last-child\" data-index=\"1\" ><h3 class=\"widget-title\">Staffan Sandberg<\/h3>\t\t\t<div class=\"textwidget\"><div class=\"textwidget\">\n<p>Staffan kommer fra Stockholm. Han er biolog, skribent og fotograf. Han har et livslangt interesse for dyr, b\u00e5de ville og tamme. For Staffan er hunder mer enn husdyr. De er familiemedlemmer og turkamerater som hjelper til \u00e5 komme gjennom vanskelig terreng med pakking p\u00e5 langa turer.<\/p>\n<p>I Sandberg &amp; Sierra har han ansvar for fotografering, nettside og kundekontakt.<\/p>\n<\/div>\n<\/div>\n\t\t<\/div><\/div><\/div><div id=\"pg-85-1\"  class=\"panel-grid panel-no-style\" ><div id=\"pgc-85-1-0\"  class=\"panel-grid-cell\" ><div id=\"panel-85-1-0-0\" class=\"so-panel widget widget_text panel-first-child panel-last-child\" data-index=\"2\" ><h3 class=\"widget-title\">Pamela Sierra<\/h3>\t\t\t<div class=\"textwidget\"><div class=\"textwidget\">\n<p>Pamela kommer fra de peruanske Andesfjellene. Fra hennes barndom har hun hatt n\u00e6r kontakt med dyr, spesielt hunder. Derfor spesialiserte hun seg p\u00e5 menneskets besta venn n\u00e5r hun utdannet seg til dyrelege. Hun har v\u00e6rt oppdretter av skotsk terrier og arbeidet p\u00e5 hjem for forlatte hunder. For Pamela representerer smykkene en mulighet \u00e5 bevare minnet av v\u00e5re kj\u00e6re familiemedlemmer.<\/p>\n<p>Pamela er ansvarlig for markedsf\u00f8ring og produktutvikling i Sandberg &amp; Sierra.<\/p>\n<\/div>\n<\/div>\n\t\t<\/div><\/div><div id=\"pgc-85-1-1\"  class=\"panel-grid-cell\" ><div id=\"panel-85-1-1-0\" class=\"so-panel widget widget_sow-image panel-first-child panel-last-child\" data-index=\"3\" ><div\n\t\t\t\n\t\t\tclass=\"so-widget-sow-image so-widget-sow-image-default-c67d20f9f743-85\"\n\t\t\t\n\t\t>\n\n<div class=\"sow-image-container\">\n\t\t<img decoding=\"async\" src=\"data:image\/gif;base64,R0lGODlhAQABAAAAACH5BAEKAAEALAAAAAABAAEAAAICTAEAOw==\" data-src=\"https:\/\/sandbergandsierra.no\/wp-content\/uploads\/2023\/11\/pamela-om-oss.jpg\" width=\"770\" height=\"770\" srcset=\"https:\/\/sandbergandsierra.no\/wp-content\/uploads\/2023\/11\/pamela-om-oss.jpg 770w, https:\/\/sandbergandsierra.no\/wp-content\/uploads\/2023\/11\/pamela-om-oss-300x300.jpg 300w, https:\/\/sandbergandsierra.no\/wp-content\/uploads\/2023\/11\/pamela-om-oss-150x150.jpg 150w, https:\/\/sandbergandsierra.no\/wp-content\/uploads\/2023\/11\/pamela-om-oss-768x768.jpg 768w, https:\/\/sandbergandsierra.no\/wp-content\/uploads\/2023\/11\/pamela-om-oss-600x600.jpg 600w, https:\/\/sandbergandsierra.no\/wp-content\/uploads\/2023\/11\/pamela-om-oss-100x100.jpg 100w\" sizes=\"(max-width: 770px) 100vw, 770px\" alt=\"Pamela Sierra\" loading=\"lazy\" \t\tclass=\"so-widget-image\"\/><noscript><img decoding=\"async\" src=\"https:\/\/sandbergandsierra.no\/wp-content\/uploads\/2023\/11\/pamela-om-oss.jpg\" width=\"770\" height=\"770\" srcset=\"https:\/\/sandbergandsierra.no\/wp-content\/uploads\/2023\/11\/pamela-om-oss.jpg 770w, https:\/\/sandbergandsierra.no\/wp-content\/uploads\/2023\/11\/pamela-om-oss-300x300.jpg 300w, https:\/\/sandbergandsierra.no\/wp-content\/uploads\/2023\/11\/pamela-om-oss-150x150.jpg 150w, https:\/\/sandbergandsierra.no\/wp-content\/uploads\/2023\/11\/pamela-om-oss-768x768.jpg 768w, https:\/\/sandbergandsierra.no\/wp-content\/uploads\/2023\/11\/pamela-om-oss-600x600.jpg 600w, https:\/\/sandbergandsierra.no\/wp-content\/uploads\/2023\/11\/pamela-om-oss-100x100.jpg 100w\" sizes=\"(max-width: 770px) 100vw, 770px\" alt=\"Pamela Sierra\" loading=\"lazy\" \t\tclass=\"so-widget-image\"\/><\/noscript>\n\t<\/div>\n\n<\/div><\/div><\/div><\/div><div id=\"pg-85-2\"  class=\"panel-grid panel-no-style\" ><div id=\"pgc-85-2-0\"  class=\"panel-grid-cell\" ><div id=\"panel-85-2-0-0\" class=\"so-panel widget widget_sow-editor panel-first-child panel-last-child\" data-index=\"4\" ><div\n\t\t\t\n\t\t\tclass=\"so-widget-sow-editor so-widget-sow-editor-base\"\n\t\t\t\n\t\t><h3 class=\"widget-title\">Sandberg and Sierra NUF<\/h3>\n<div class=\"siteorigin-widget-tinymce textwidget\">\n\t<p>Sandberg and Sierra NUF er et et datterselskap til Sandberg and Sierra AB som har kontor i Sverige.<\/p>\n<\/div>\n<\/div><\/div><\/div><\/div><\/div>","protected":false},"excerpt":{"rendered":"<p>Staffan kommer fra Stockholm. Han er biolog, skribent og fotograf. Han har et livslangt interesse for dyr, b\u00e5de ville og tamme. For Staffan er hunder mer enn husdyr. De er familiemedlemmer og turkamerater som hjelper til \u00e5 komme gjennom vanskelig terreng med pakking p\u00e5 langa turer. I Sandberg &amp; Sierra har han ansvar for fotografering, [&hellip;]<\/p>\n","protected":false},"author":1,"featured_media":0,"parent":0,"menu_order":0,"comment_status":"closed","ping_status":"closed","template":"","meta":{"footnotes":""},"_links":{"self":[{"href":"https:\/\/sandbergandsierra.no\/index.php\/wp-json\/wp\/v2\/pages\/85"}],"collection":[{"href":"https:\/\/sandbergandsierra.no\/index.php\/wp-json\/wp\/v2\/pages"}],"about":[{"href":"https:\/\/sandbergandsierra.no\/index.php\/wp-json\/wp\/v2\/types\/page"}],"author":[{"embeddable":true,"href":"https:\/\/sandbergandsierra.no\/index.php\/wp-json\/wp\/v2\/users\/1"}],"replies":[{"embeddable":true,"href":"https:\/\/sandbergandsierra.no\/index.php\/wp-json\/wp\/v2\/comments?post=85"}],"version-history":[{"count":7,"href":"https:\/\/sandbergandsierra.no\/index.php\/wp-json\/wp\/v2\/pages\/85\/revisions"}],"predecessor-version":[{"id":185,"href":"https:\/\/sandbergandsierra.no\/index.php\/wp-json\/wp\/v2\/pages\/85\/revisions\/185"}],"wp:attachment":[{"href":"https:\/\/sandbergandsierra.no\/index.php\/wp-json\/wp\/v2\/media?parent=85"}],"curies":[{"name":"wp","href":"https:\/\/api.w.org\/{rel}","templated":true}]}}